{"id":843,"date":"2015-04-10T15:21:24","date_gmt":"2015-04-10T13:21:24","guid":{"rendered":"http:\/\/178.63.30.6\/ste\/wordpress\/?page_id=843"},"modified":"2016-09-08T09:24:06","modified_gmt":"2016-09-08T07:24:06","slug":"first-375","status":"publish","type":"page","link":"https:\/\/housenaos.shibumi.it\/?page_id=843","title":{"rendered":"Naos"},"content":{"rendered":"\n<div class=\"twitter-share\"><a href=\"https:\/\/twitter.com\/intent\/tweet?via=daddybroken\" class=\"twitter-share-button\">Tweet<\/a><\/div>\n<p>[et_pb_section admin_label=&#8221;section&#8221;][et_pb_row admin_label=&#8221;Riga&#8221;][et_pb_column type=&#8221;3_4&#8243;][et_pb_text admin_label=&#8221;Testo&#8221; background_layout=&#8221;light&#8221; text_orientation=&#8221;left&#8221; use_border_color=&#8221;off&#8221; border_color=&#8221;#ffffff&#8221; border_style=&#8221;solid&#8221;]<\/p>\n<h2 style=\"text-align: center;\"><strong>\u00a0Beneteau First 375<\/strong><\/h2>\n<p>[\/et_pb_text][\/et_pb_column][et_pb_column type=&#8221;1_4&#8243;][et_pb_text admin_label=&#8221;Testo&#8221; background_layout=&#8221;light&#8221; text_orientation=&#8221;left&#8221; use_border_color=&#8221;off&#8221; border_color=&#8221;#ffffff&#8221; border_style=&#8221;solid&#8221;]<\/p>\n<p><a href=\"https:\/\/housenaos.shibumi.it\/?page_id=5026\">Switch to english<\/a><\/p>\n<p>[\/et_pb_text][\/et_pb_column][\/et_pb_row][et_pb_row admin_label=&#8221;row&#8221;][et_pb_column type=&#8221;4_4&#8243;][et_pb_text admin_label=&#8221;Text&#8221; background_layout=&#8221;light&#8221; text_orientation=&#8221;left&#8221; use_border_color=&#8221;off&#8221; border_color=&#8221;#ffffff&#8221; border_style=&#8221;solid&#8221;]<\/p>\n<p><strong><div class='et-box et-shadow'>\r\n\t\t\t\t\t<div class='et-box-content'><\/strong>Il First 375 \u00e8 stato prodotto dal 1985 al 1989 (270 esemplari prodotti) in un epoca in cui Beneteau non aveva in produzione modelli differenziati per un uso crociera o regata, realizzava infatti un&#8217;unica linea che doveva incontrare sia l&#8217;esigenza di chi era alla ricerca di soluzioni comode e sicure per la navigazione d&#8217;altura che di coloro alla ricerca di velocit\u00e0. Nasce dalla matita di Jean Berret (oggi del famoso studio di design Berret\/Racoupeau).<\/p>\n<p>Il First 375 appartiene quindi a quel tipo di barche contraddistinte dalla qualifica &#8220;crociera veloce&#8221;. Progettato in piena epoca Ior, \u00e8 frutto di un forte compromesso tra crociera e regata, ed il risultato \u00e8 stato eccellente. Un piacevole scafo con carena potente, bordi liberi bassi ed estremit\u00e0 slanciate, si sposa bene con un armo non esasperato ma energico, manovre semplici in pozzetto e interni confortevoli. La barca, infatti, ha avuto molto successo. Merito anche di un allestimento affidabile e della possibilit\u00e0 di scegliere tra due versioni (con doppia o singola cabina di poppa). Ampi gli spazi sottocoperta, con grandi cabine, un wc separato e un quadrato completo di importante angolo cucina e grande tavolo carteggio. Certamente una barca equilibrata, ben concepita e costruita, con elevata sicurezza (siamo prossimi al 40% del peso in chiglia, poche sono oggi le imbarcazioni con questo rapporto) e confort.<strong><\/div><\/div><\/strong><\/p>\n<p>[\/et_pb_text][et_pb_gallery admin_label=&#8221;Galleria&#8221; gallery_ids=&#8221;4556,4555,4554,4553,4487,4488,3958,3493,3400,659,148,23,122,4109,529,581,344,4424,282,4552,182,4401,386,365&#8243; fullwidth=&#8221;off&#8221; show_title_and_caption=&#8221;off&#8221; show_pagination=&#8221;on&#8221; background_layout=&#8221;light&#8221; auto=&#8221;off&#8221; hover_overlay_color=&#8221;rgba(255,255,255,0.9)&#8221; caption_all_caps=&#8221;off&#8221; use_border_color=&#8221;on&#8221; border_color=&#8221;#ffffff&#8221; border_style=&#8221;solid&#8221; auto_speed=&#8221;4000&#8243; posts_number=&#8221;8&#8243; zoom_icon_color=&#8221;#3d67b5&#8243; caption_text_color=&#8221;#545454&#8243;] [\/et_pb_gallery][\/et_pb_column][\/et_pb_row][et_pb_row admin_label=&#8221;Riga&#8221;][et_pb_column type=&#8221;1_2&#8243;][et_pb_toggle admin_label=&#8221;2015&#8243; title=&#8221;Lavori e dotazione 2015&#8243; open=&#8221;on&#8221; use_border_color=&#8221;off&#8221; border_color=&#8221;#ffffff&#8221; border_style=&#8221;solid&#8221; title_font=&#8221;|on|||&#8221;]<\/p>\n<ul>\n<li>Nuova ancora di rispetto\/poppa Fortress FX23 con 8m catena 8mm piu&#8217; 50m cima HT piombata<\/li>\n<li>Opera viva: raschiatura completa e carteggiatura, trattamento antiosmosi, trattamento bulbo, primer e antivegativa.<\/li>\n<li>Nuovo Epirb Ocean Signal<\/li>\n<li>Nuove lifeline<\/li>\n<li>Nuova pompa elettrica di sentina<\/li>\n<li>Nuove dotazioni sicurezza<\/li>\n<li>Nuovo rubinetto bagno<\/li>\n<li>Nuova batteria motore di rispetto con portabatteria stagno<\/li>\n<li>Nuove tende avvolgibili per passauomo<\/li>\n<li>Nuovo inverter<\/li>\n<li>Lucidatura opera morta e tuga.<\/li>\n<li>Revisione motore: cambio filtro gasolio, filtro olio, olio, cinghia, girante<\/li>\n<li>Revisione zattera salvataggio Eurovinil<\/li>\n<li>Nuovo sistema cartografico<\/li>\n<\/ul>\n<p>[\/et_pb_toggle][et_pb_toggle admin_label=&#8221;Toggle&#8221; title=&#8221;Lavori e dotazioni 2014&#8243; open=&#8221;off&#8221; title_font=&#8221;|on|||&#8221; use_border_color=&#8221;off&#8221; border_color=&#8221;#ffffff&#8221; border_style=&#8221;solid&#8221;]<\/p>\n<ul>\n<li>Cambiato tutto sartiame e arridatoi alla G&amp;G Rigging<\/li>\n<li>Revisione albero e crocette<\/li>\n<li>Revisione alternatore piastra diodi<\/li>\n<li>Nuova antenna VHF testa albero con nuovo cavo RG58<\/li>\n<li>Nuova luce testa albero a led e sostituzione cavi elettrici nell&#8217;albero<\/li>\n<li>Nuove drizze, amantiglio e scotta randa<\/li>\n<li>Antenna TV testa albero<\/li>\n<li>Nuova antenna Navtex e ricevitore<\/li>\n<li>Nuovo bridge Seatalk &#8211; NMEA<\/li>\n<li>Nuove luci di via<\/li>\n<li>2 nuove batterie servizi AGM 120 Ah<\/li>\n<li>Cambio linea ormeggio: nuova catena zincata 75m da 8mm catenificio Rigamonti con cima HT piombata da 35m<\/li>\n<li>Rifatto plexiglass passauomo Lewmar di prua<\/li>\n<li>Nuovo contalitri acqua dolce<\/li>\n<li>Nuovo contaore motore<\/li>\n<li>Nuovi cuscini\/materasso cabina di prua<\/li>\n<li>Nuovo tender Mercury<\/li>\n<\/ul>\n<p>[\/et_pb_toggle][et_pb_toggle admin_label=&#8221;Toggle&#8221; title=&#8221;Lavori e dotazioni 2013&#8243; open=&#8221;off&#8221; title_font=&#8221;|on|||&#8221; use_border_color=&#8221;off&#8221; border_color=&#8221;#ffffff&#8221; border_style=&#8221;solid&#8221;]<\/p>\n<ul>\n<li>Sbarcato motore Volvo Penta e revisione completa. Cambio silent block e premistoppa.<\/li>\n<li>Insonorizzazione sala macchine<\/li>\n<li>Cambio due prese a mare<\/li>\n<li>Nuovo windex testa albero<\/li>\n<li>Nuove luci led interne<\/li>\n<li>Nuova radio VHF con DSC, AIS receiver e 1 trasmettitore per MOB e un combinato a distanza stagno<\/li>\n<li>Nuovo Battery Monitor NASA Marine<\/li>\n<li>Due pannelli fotovoltaici flessibili poliscristallini da 145W e 73W con regolatore MPPT 15A della Western &amp; Co.<\/li>\n<li>Revisione R.I.N.A.<\/li>\n<li>Nuovo caricabatteria 25A 12V QUICK SBC 250<\/li>\n<li>Nuovo Garmin GPSMAP 78<\/li>\n<li>Nuova batteria motore 90Ah<\/li>\n<\/ul>\n<p>[\/et_pb_toggle][et_pb_toggle admin_label=&#8221;Toggle&#8221; title=&#8221;Lavori e dotazioni 2011 e 2012&#8243; open=&#8221;off&#8221; use_border_color=&#8221;off&#8221; border_color=&#8221;#ffffff&#8221; border_style=&#8221;solid&#8221; title_font=&#8221;|on|||&#8221;]<\/p>\n<ul>\n<li>Nuovo bimini<\/li>\n<li>Nuova ancora Delta Lewmar 16Kg<\/li>\n<li>Nuovo WC e pompa<\/li>\n<li>Nuova randa full batten Doyle e lazy bag<\/li>\n<li>Nuovo fuoribordo Honda 2.3<\/li>\n<\/ul>\n<p>[\/et_pb_toggle][\/et_pb_column][et_pb_column type=&#8221;1_2&#8243;][et_pb_video_slider admin_label=&#8221;Impostazioni Modulo Slider Video&#8221; show_image_overlay=&#8221;hide&#8221; show_arrows=&#8221;on&#8221; show_thumbnails=&#8221;on&#8221; controls_color=&#8221;light&#8221;] [et_pb_video_slider_item admin_title=&#8221;video slider&#8221; src=&#8221;https:\/\/youtu.be\/OYbSP25SBcc&#8221; image_src=&#8221;\/\/i.ytimg.com\/vi\/OYbSP25SBcc\/hqdefault.jpg&#8221; background_layout=&#8221;dark&#8221; \/][et_pb_video_slider_item admin_title=&#8221;scilla&#8221; src=&#8221;https:\/\/youtu.be\/8_hQyFgOssM&#8221; image_src=&#8221;\/\/i.ytimg.com\/vi\/8_hQyFgOssM\/hqdefault.jpg&#8221; background_layout=&#8221;dark&#8221; \/][et_pb_video_slider_item admin_title=&#8221;parga2&#8243; src=&#8221;https:\/\/youtu.be\/14FGWOwD3i4&#8243; image_src=&#8221;\/\/i.ytimg.com\/vi\/14FGWOwD3i4\/hqdefault.jpg&#8221; background_layout=&#8221;dark&#8221; \/] [\/et_pb_video_slider][et_pb_text admin_label=&#8221;Testo&#8221; background_layout=&#8221;light&#8221; text_orientation=&#8221;left&#8221; use_border_color=&#8221;off&#8221; border_color=&#8221;#ffffff&#8221; border_style=&#8221;solid&#8221;]<\/p>\n<p><a href=\"https:\/\/housenaos.shibumi.it\/wp-content\/uploads\/2015\/10\/B1_First375.pdf\"><img loading=\"lazy\" class=\"alignleft wp-image-4574 size-medium\" src=\"https:\/\/housenaos.shibumi.it\/wp-content\/uploads\/2015\/10\/beneteauCover-242x300.png\" alt=\"beneteauCover\" width=\"242\" height=\"300\" srcset=\"https:\/\/housenaos.shibumi.it\/wp-content\/uploads\/2015\/10\/beneteauCover-242x300.png 242w, https:\/\/housenaos.shibumi.it\/wp-content\/uploads\/2015\/10\/beneteauCover.png 392w\" sizes=\"(max-width: 242px) 100vw, 242px\" \/><\/a><\/p>\n<p>&nbsp;<\/p>\n<p>&nbsp;<\/p>\n<p>[\/et_pb_text][\/et_pb_column][\/et_pb_row][et_pb_row admin_label=&#8221;Riga&#8221;][et_pb_column type=&#8221;4_4&#8243;][\/et_pb_column][\/et_pb_row][\/et_pb_section]<\/p>\n\n<div class=\"twitter-share\"><a href=\"https:\/\/twitter.com\/intent\/tweet?via=daddybroken\" class=\"twitter-share-button\">Tweet<\/a><\/div>\n","protected":false},"excerpt":{"rendered":"<p>[et_pb_section admin_label=&#8221;section&#8221;][et_pb_row admin_label=&#8221;Riga&#8221;][et_pb_column type=&#8221;3_4&#8243;][et_pb_text admin_label=&#8221;Testo&#8221; background_layout=&#8221;light&#8221; text_orientation=&#8221;left&#8221; use_border_color=&#8221;off&#8221; border_color=&#8221;#ffffff&#8221; border_style=&#8221;solid&#8221;] \u00a0Beneteau First 375 [\/et_pb_text][\/et_pb_column][et_pb_column type=&#8221;1_4&#8243;][et_pb_text admin_label=&#8221;Testo&#8221; background_layout=&#8221;light&#8221; text_orientation=&#8221;left&#8221; use_border_color=&#8221;off&#8221; border_color=&#8221;#ffffff&#8221; border_style=&#8221;solid&#8221;] Switch to english [\/et_pb_text][\/et_pb_column][\/et_pb_row][et_pb_row admin_label=&#8221;row&#8221;][et_pb_column type=&#8221;4_4&#8243;][et_pb_text admin_label=&#8221;Text&#8221; background_layout=&#8221;light&#8221; text_orientation=&#8221;left&#8221; use_border_color=&#8221;off&#8221; border_color=&#8221;#ffffff&#8221; border_style=&#8221;solid&#8221;] [\/et_pb_text][et_pb_gallery admin_label=&#8221;Galleria&#8221; gallery_ids=&#8221;4556,4555,4554,4553,4487,4488,3958,3493,3400,659,148,23,122,4109,529,581,344,4424,282,4552,182,4401,386,365&#8243; fullwidth=&#8221;off&#8221; show_title_and_caption=&#8221;off&#8221; show_pagination=&#8221;on&#8221; background_layout=&#8221;light&#8221; auto=&#8221;off&#8221; hover_overlay_color=&#8221;rgba(255,255,255,0.9)&#8221; caption_all_caps=&#8221;off&#8221; use_border_color=&#8221;on&#8221; border_color=&#8221;#ffffff&#8221; border_style=&#8221;solid&#8221; auto_speed=&#8221;4000&#8243; posts_number=&#8221;8&#8243; zoom_icon_color=&#8221;#3d67b5&#8243; caption_text_color=&#8221;#545454&#8243;] [\/et_pb_gallery][\/et_pb_column][\/et_pb_row][et_pb_row admin_label=&#8221;Riga&#8221;][et_pb_column type=&#8221;1_2&#8243;][et_pb_toggle admin_label=&#8221;2015&#8243; title=&#8221;Lavori [&hellip;]<\/p>\n","protected":false},"author":1,"featured_media":0,"parent":6427,"menu_order":0,"comment_status":"open","ping_status":"closed","template":"","meta":[],"_links":{"self":[{"href":"https:\/\/housenaos.shibumi.it\/index.php?rest_route=\/wp\/v2\/pages\/843"}],"collection":[{"href":"https:\/\/housenaos.shibumi.it\/index.php?rest_route=\/wp\/v2\/pages"}],"about":[{"href":"https:\/\/housenaos.shibumi.it\/index.php?rest_route=\/wp\/v2\/types\/page"}],"author":[{"embeddable":true,"href":"https:\/\/housenaos.shibumi.it\/index.php?rest_route=\/wp\/v2\/users\/1"}],"replies":[{"embeddable":true,"href":"https:\/\/housenaos.shibumi.it\/index.php?rest_route=%2Fwp%2Fv2%2Fcomments&post=843"}],"version-history":[{"count":49,"href":"https:\/\/housenaos.shibumi.it\/index.php?rest_route=\/wp\/v2\/pages\/843\/revisions"}],"predecessor-version":[{"id":6430,"href":"https:\/\/housenaos.shibumi.it\/index.php?rest_route=\/wp\/v2\/pages\/843\/revisions\/6430"}],"up":[{"embeddable":true,"href":"https:\/\/housenaos.shibumi.it\/index.php?rest_route=\/wp\/v2\/pages\/6427"}],"wp:attachment":[{"href":"https:\/\/housenaos.shibumi.it\/index.php?rest_route=%2Fwp%2Fv2%2Fmedia&parent=843"}],"curies":[{"name":"wp","href":"https:\/\/api.w.org\/{rel}","templated":true}]}}